{"id":183,"date":"2024-11-13T13:57:25","date_gmt":"2024-11-13T13:57:25","guid":{"rendered":"https:\/\/magazin-riemergasse14.91-227-33-25.plesk.page\/?page_id=183"},"modified":"2025-03-17T17:14:27","modified_gmt":"2025-03-17T17:14:27","slug":"gutscheine","status":"publish","type":"page","link":"https:\/\/magazin-riemergasse14.91-227-33-25.plesk.page\/en\/gutscheine\/","title":{"rendered":"Vouchers"},"content":{"rendered":"<div data-elementor-type=\"wp-page\" data-elementor-id=\"183\" class=\"elementor elementor-183\" data-elementor-post-type=\"page\">\n\t\t\t\t<div data-particle_enable=\"false\" data-particle-mobile-disabled=\"false\" class=\"elementor-element elementor-element-d6227cb e-con-full e-flex e-con e-parent\" data-id=\"d6227cb\" data-element_type=\"container\" data-settings=\"{&quot;background_background&quot;:&quot;classic&quot;}\">\n\t\t<div data-particle_enable=\"false\" data-particle-mobile-disabled=\"false\" class=\"elementor-element elementor-element-439da3f e-con-full e-flex e-con e-child\" data-id=\"439da3f\" data-element_type=\"container\">\n\t\t<div data-particle_enable=\"false\" data-particle-mobile-disabled=\"false\" class=\"elementor-element elementor-element-8f30c03 elementor-hidden-phone e-con-full e-flex e-con e-child\" data-id=\"8f30c03\" data-element_type=\"container\">\n\t\t\t\t<\/div>\n\t\t<div data-particle_enable=\"false\" data-particle-mobile-disabled=\"false\" class=\"elementor-element elementor-element-9fd474a e-con-full e-flex e-con e-child\" data-id=\"9fd474a\" data-element_type=\"container\" data-settings=\"{&quot;background_background&quot;:&quot;classic&quot;}\">\n\t\t\t\t<div class=\"elementor-element elementor-element-a6cda76 elementor-invisible elementor-widget elementor-widget-heading\" data-id=\"a6cda76\" data-element_type=\"widget\" data-settings=\"{&quot;_animation&quot;:&quot;fadeIn&quot;,&quot;_animation_delay&quot;:100}\" data-widget_type=\"heading.default\">\n\t\t\t\t<div class=\"elementor-widget-container\">\n\t\t\t\t\t<h1 class=\"elementor-heading-title elementor-size-default\">Vouchers<\/h1>\t\t\t\t<\/div>\n\t\t\t\t<\/div>\n\t\t\t\t<div class=\"elementor-element elementor-element-5c1dcac elementor-invisible elementor-widget elementor-widget-heading\" data-id=\"5c1dcac\" data-element_type=\"widget\" data-settings=\"{&quot;_animation&quot;:&quot;fadeIn&quot;}\" data-widget_type=\"heading.default\">\n\t\t\t\t<div class=\"elementor-widget-container\">\n\t\t\t\t\t<h2 class=\"elementor-heading-title elementor-size-default\">for your loved ones!<\/h2>\t\t\t\t<\/div>\n\t\t\t\t<\/div>\n\t\t\t\t<\/div>\n\t\t\t\t<\/div>\n\t\t\t\t<\/div>\n\t\t<div data-particle_enable=\"false\" data-particle-mobile-disabled=\"false\" class=\"elementor-element elementor-element-d5e40a7 e-con-full elementor-hidden-tablet elementor-hidden-phone e-flex e-con e-parent\" data-id=\"d5e40a7\" data-element_type=\"container\">\n\t\t<div data-particle_enable=\"false\" data-particle-mobile-disabled=\"false\" class=\"elementor-element elementor-element-81668db e-con-full e-flex e-con e-child\" data-id=\"81668db\" data-element_type=\"container\">\n\t\t\t\t<\/div>\n\t\t<div data-particle_enable=\"false\" data-particle-mobile-disabled=\"false\" class=\"elementor-element elementor-element-4f7fda3 e-con-full e-flex e-con e-child\" data-id=\"4f7fda3\" data-element_type=\"container\">\n\t\t\t\t<\/div>\n\t\t\t\t<\/div>\n\t\t<div data-particle_enable=\"false\" data-particle-mobile-disabled=\"false\" class=\"elementor-element elementor-element-393c98a e-flex e-con-boxed e-con e-parent\" data-id=\"393c98a\" data-element_type=\"container\" data-settings=\"{&quot;background_background&quot;:&quot;gradient&quot;}\">\n\t\t\t\t\t<div class=\"e-con-inner\">\n\t\t<div data-particle_enable=\"false\" data-particle-mobile-disabled=\"false\" class=\"elementor-element elementor-element-a6d57d5 e-con-full e-flex e-con e-child\" data-id=\"a6d57d5\" data-element_type=\"container\">\n\t\t<div data-particle_enable=\"false\" data-particle-mobile-disabled=\"false\" class=\"elementor-element elementor-element-5c48398 e-con-full e-flex e-con e-child\" data-id=\"5c48398\" data-element_type=\"container\" data-settings=\"{&quot;background_background&quot;:&quot;classic&quot;}\">\n\t\t\t\t<div class=\"elementor-element elementor-element-c2f2d07 elementor-invisible elementor-widget elementor-widget-heading\" data-id=\"c2f2d07\" data-element_type=\"widget\" data-settings=\"{&quot;_animation&quot;:&quot;fadeIn&quot;,&quot;_animation_delay&quot;:100}\" data-widget_type=\"heading.default\">\n\t\t\t\t<div class=\"elementor-widget-container\">\n\t\t\t\t\t<h2 class=\"elementor-heading-title elementor-size-default\">Restaurant with Wine Bar<\/h2>\t\t\t\t<\/div>\n\t\t\t\t<\/div>\n\t\t\t\t<div class=\"elementor-element elementor-element-b1b8a05 elementor-invisible elementor-widget elementor-widget-heading\" data-id=\"b1b8a05\" data-element_type=\"widget\" data-settings=\"{&quot;_animation&quot;:&quot;fadeIn&quot;}\" data-widget_type=\"heading.default\">\n\t\t\t\t<div class=\"elementor-widget-container\">\n\t\t\t\t\t<h2 class=\"elementor-heading-title elementor-size-default\">Magazin Restaurant - Riemergasse 14<\/h2>\t\t\t\t<\/div>\n\t\t\t\t<\/div>\n\t\t\t\t<\/div>\n\t\t\t\t<\/div>\n\t\t<div data-particle_enable=\"false\" data-particle-mobile-disabled=\"false\" class=\"elementor-element elementor-element-b2064e4 e-con-full e-flex e-con e-child\" data-id=\"b2064e4\" data-element_type=\"container\" data-settings=\"{&quot;background_background&quot;:&quot;classic&quot;}\">\n\t\t\t\t<div class=\"elementor-element elementor-element-65c9fc4 elementor-invisible elementor-widget elementor-widget-text-editor\" data-id=\"65c9fc4\" data-element_type=\"widget\" data-settings=\"{&quot;_animation&quot;:&quot;fadeIn&quot;,&quot;_animation_delay&quot;:200}\" data-widget_type=\"text-editor.default\">\n\t\t\t\t<div class=\"elementor-widget-container\">\n\t\t\t\t\t\t\t\t\t<p class=\"p1\">Vouchers for an unforgettable experience<\/p>\t\t\t\t\t\t\t\t<\/div>\n\t\t\t\t<\/div>\n\t\t\t\t<div class=\"elementor-element elementor-element-655c5d6 elementor-invisible elementor-widget elementor-widget-text-editor\" data-id=\"655c5d6\" data-element_type=\"widget\" data-settings=\"{&quot;_animation&quot;:&quot;fadeIn&quot;,&quot;_animation_delay&quot;:300}\" data-widget_type=\"text-editor.default\">\n\t\t\t\t<div class=\"elementor-widget-container\">\n\t\t\t\t\t\t\t\t\t<p>The <strong>MAGAZIN<\/strong> is more than just a place for excellent wines and culinary delights \u2013 it is a destination for enjoyment, joie de vivre and unforgettable experiences. With our <strong>vouchers<\/strong> You can easily pass on this special atmosphere and give your loved ones, friends or business partners an extraordinary joy. Whether for the <strong>Wine shop<\/strong>, the <strong>Eatery<\/strong>, the <strong>wine bar<\/strong> or our stylish <strong>restaurant<\/strong> \u2013 our vouchers are the perfect gift idea for any occasion.<\/p>\t\t\t\t\t\t\t\t<\/div>\n\t\t\t\t<\/div>\n\t\t\t\t<\/div>\n\t\t\t\t\t<\/div>\n\t\t\t\t<\/div>\n\t\t<div data-particle_enable=\"false\" data-particle-mobile-disabled=\"false\" class=\"elementor-element elementor-element-588295c e-con-full e-flex e-con e-parent\" data-id=\"588295c\" data-element_type=\"container\" data-settings=\"{&quot;background_background&quot;:&quot;classic&quot;}\">\n\t\t<div data-particle_enable=\"false\" data-particle-mobile-disabled=\"false\" class=\"elementor-element elementor-element-a42b41e e-con-full e-flex e-con e-child\" data-id=\"a42b41e\" data-element_type=\"container\" data-settings=\"{&quot;background_background&quot;:&quot;classic&quot;}\">\n\t\t\t\t<div class=\"elementor-element elementor-element-1db5c9c elementor-invisible elementor-widget elementor-widget-heading\" data-id=\"1db5c9c\" data-element_type=\"widget\" data-settings=\"{&quot;_animation&quot;:&quot;fadeIn&quot;}\" data-widget_type=\"heading.default\">\n\t\t\t\t<div class=\"elementor-widget-container\">\n\t\t\t\t\t<h2 class=\"elementor-heading-title elementor-size-default\">Vouchers for an unforgettable experience<\/h2>\t\t\t\t<\/div>\n\t\t\t\t<\/div>\n\t\t\t\t<div class=\"elementor-element elementor-element-f0bbfe9 elementor-invisible elementor-widget elementor-widget-text-editor\" data-id=\"f0bbfe9\" data-element_type=\"widget\" data-settings=\"{&quot;_animation&quot;:&quot;fadeIn&quot;}\" data-widget_type=\"text-editor.default\">\n\t\t\t\t<div class=\"elementor-widget-container\">\n\t\t\t\t\t\t\t\t\t<p>With <strong>Restaurant vouchers<\/strong> from Restaurant and Wine House magazine, give the gift of traditional Viennese cuisine. Whether for family, friends, or yourself!<\/p>\t\t\t\t\t\t\t\t<\/div>\n\t\t\t\t<\/div>\n\t\t\t\t<div class=\"elementor-element elementor-element-6ed34d0 elementor-align-center elementor-invisible elementor-widget elementor-widget-button\" data-id=\"6ed34d0\" data-element_type=\"widget\" data-settings=\"{&quot;_animation&quot;:&quot;fadeIn&quot;}\" data-widget_type=\"button.default\">\n\t\t\t\t<div class=\"elementor-widget-container\">\n\t\t\t\t\t\t\t\t\t<div class=\"elementor-button-wrapper\">\n\t\t\t\t\t<a class=\"elementor-button elementor-button-link elementor-size-sm\" href=\"https:\/\/restaurantgutscheine.wien\/gutscheine\/magazin-sofortgutschein\/\">\n\t\t\t\t\t\t<span class=\"elementor-button-content-wrapper\">\n\t\t\t\t\t\t\t\t\t<span class=\"elementor-button-text\">Buy vouchers<\/span>\n\t\t\t\t\t<\/span>\n\t\t\t\t\t<\/a>\n\t\t\t\t<\/div>\n\t\t\t\t\t\t\t\t<\/div>\n\t\t\t\t<\/div>\n\t\t\t\t<\/div>\n\t\t\t\t<\/div>\n\t\t<div data-particle_enable=\"false\" data-particle-mobile-disabled=\"false\" class=\"elementor-element elementor-element-a7c36a1 e-con-full e-flex e-con e-parent\" data-id=\"a7c36a1\" data-element_type=\"container\" data-settings=\"{&quot;background_background&quot;:&quot;classic&quot;}\">\n\t\t<div data-particle_enable=\"false\" data-particle-mobile-disabled=\"false\" class=\"elementor-element elementor-element-6a7160b e-con-full e-flex e-con e-child\" data-id=\"6a7160b\" data-element_type=\"container\" data-settings=\"{&quot;background_background&quot;:&quot;classic&quot;}\">\n\t\t\t\t<div class=\"elementor-element elementor-element-01d99bf elementor-invisible elementor-widget elementor-widget-heading\" data-id=\"01d99bf\" data-element_type=\"widget\" data-settings=\"{&quot;_animation&quot;:&quot;fadeIn&quot;}\" data-widget_type=\"heading.default\">\n\t\t\t\t<div class=\"elementor-widget-container\">\n\t\t\t\t\t<h5 class=\"elementor-heading-title elementor-size-default\">A gift that brings joy and creates moments of pleasure\n\n\n\n\n\n\n\n<\/h5>\t\t\t\t<\/div>\n\t\t\t\t<\/div>\n\t\t\t\t<div class=\"elementor-element elementor-element-1b890ce elementor-invisible elementor-widget elementor-widget-heading\" data-id=\"1b890ce\" data-element_type=\"widget\" data-settings=\"{&quot;_animation&quot;:&quot;fadeIn&quot;,&quot;_animation_delay&quot;:100}\" data-widget_type=\"heading.default\">\n\t\t\t\t<div class=\"elementor-widget-container\">\n\t\t\t\t\t<h2 class=\"elementor-heading-title elementor-size-default\">The ideal voucher for every occasion\n<\/h2>\t\t\t\t<\/div>\n\t\t\t\t<\/div>\n\t\t\t\t<div class=\"elementor-element elementor-element-0034523 elementor-invisible elementor-widget elementor-widget-text-editor\" data-id=\"0034523\" data-element_type=\"widget\" data-settings=\"{&quot;_animation&quot;:&quot;fadeIn&quot;,&quot;_animation_delay&quot;:200}\" data-widget_type=\"text-editor.default\">\n\t\t\t\t<div class=\"elementor-widget-container\">\n\t\t\t\t\t\t\t\t\t<p>A voucher for the Magazin Restaurant is more than just a gift\u2014it's an invitation to an enjoyable break in the heart of the first district. Whether for a birthday, as a thank you, or as a special Christmas present\u2014with a Magazin Restaurant voucher, you can give the gift of moments that will be remembered.<\/p><p>Our vouchers can be individually designed and offer the possibility to choose flexibly between the offers of our <strong>Wine shop<\/strong>, <strong>Eatery<\/strong>, <strong>wine bar<\/strong> and our <strong>restaurant<\/strong> This keeps the gift personal and gives the recipient the freedom to enjoy exactly what they want.<\/p><h5><strong>Vouchers for every taste and occasion<\/strong><\/h5><ul><li><strong>Wine lovers<\/strong>: An invitation to a tasting in our wine shop.<\/li><li><strong>Gourmets<\/strong>: A dinner experience in the stylish ambience of our restaurant.<\/li><li><strong>Friends of sociable evenings<\/strong>: A voucher for a visit to our wine bar.<\/li><li><strong>Explorers of culinary diversity<\/strong>: Flexible vouchers for our wine bar.<\/li><\/ul>\t\t\t\t\t\t\t\t<\/div>\n\t\t\t\t<\/div>\n\t\t\t\t<div class=\"elementor-element elementor-element-67f9b5e elementor-align-left elementor-invisible elementor-widget elementor-widget-button\" data-id=\"67f9b5e\" data-element_type=\"widget\" data-settings=\"{&quot;_animation&quot;:&quot;fadeIn&quot;}\" data-widget_type=\"button.default\">\n\t\t\t\t<div class=\"elementor-widget-container\">\n\t\t\t\t\t\t\t\t\t<div class=\"elementor-button-wrapper\">\n\t\t\t\t\t<a class=\"elementor-button elementor-button-link elementor-size-sm\" href=\"https:\/\/restaurantgutscheine.wien\/gutscheine\/magazin-sofortgutschein\/\" target=\"_blank\">\n\t\t\t\t\t\t<span class=\"elementor-button-content-wrapper\">\n\t\t\t\t\t\t\t\t\t<span class=\"elementor-button-text\">Buy vouchers<\/span>\n\t\t\t\t\t<\/span>\n\t\t\t\t\t<\/a>\n\t\t\t\t<\/div>\n\t\t\t\t\t\t\t\t<\/div>\n\t\t\t\t<\/div>\n\t\t\t\t<\/div>\n\t\t<div data-particle_enable=\"false\" data-particle-mobile-disabled=\"false\" class=\"elementor-element elementor-element-918b63e e-con-full e-flex e-con e-child\" data-id=\"918b63e\" data-element_type=\"container\">\n\t\t\t\t<\/div>\n\t\t\t\t<\/div>\n\t\t\t\t<\/div>","protected":false},"excerpt":{"rendered":"<p>Gutscheine f\u00fcr Ihre Liebsten! Restaurant mit Vinothek Magazin Restaurant &#8211; Riemergasse 14 Genuss schenken im ersten Bezirk Das MAGAZIN ist mehr als nur ein Ort f\u00fcr exzellente Weine und kulinarische K\u00f6stlichkeiten \u2013 es ist eine Destination f\u00fcr Genuss, Lebensfreude und unvergessliche Erlebnisse. Mit unseren Gutscheinen k\u00f6nnen Sie diese besondere Atmosph\u00e4re ganz einfach weitergeben und Ihren [&hellip;]<\/p>","protected":false},"author":1,"featured_media":0,"parent":0,"menu_order":0,"comment_status":"closed","ping_status":"closed","template":"","meta":{"footnotes":""},"class_list":["post-183","page","type-page","status-publish","hentry"],"_links":{"self":[{"href":"https:\/\/magazin-riemergasse14.91-227-33-25.plesk.page\/en\/wp-json\/wp\/v2\/pages\/183","targetHints":{"allow":["GET"]}}],"collection":[{"href":"https:\/\/magazin-riemergasse14.91-227-33-25.plesk.page\/en\/wp-json\/wp\/v2\/pages"}],"about":[{"href":"https:\/\/magazin-riemergasse14.91-227-33-25.plesk.page\/en\/wp-json\/wp\/v2\/types\/page"}],"author":[{"embeddable":true,"href":"https:\/\/magazin-riemergasse14.91-227-33-25.plesk.page\/en\/wp-json\/wp\/v2\/users\/1"}],"replies":[{"embeddable":true,"href":"https:\/\/magazin-riemergasse14.91-227-33-25.plesk.page\/en\/wp-json\/wp\/v2\/comments?post=183"}],"version-history":[{"count":76,"href":"https:\/\/magazin-riemergasse14.91-227-33-25.plesk.page\/en\/wp-json\/wp\/v2\/pages\/183\/revisions"}],"predecessor-version":[{"id":1164,"href":"https:\/\/magazin-riemergasse14.91-227-33-25.plesk.page\/en\/wp-json\/wp\/v2\/pages\/183\/revisions\/1164"}],"wp:attachment":[{"href":"https:\/\/magazin-riemergasse14.91-227-33-25.plesk.page\/en\/wp-json\/wp\/v2\/media?parent=183"}],"curies":[{"name":"wp","href":"https:\/\/api.w.org\/{rel}","templated":true}]}}