{"id":138,"date":"2024-11-13T13:39:57","date_gmt":"2024-11-13T13:39:57","guid":{"rendered":"https:\/\/magazin-riemergasse14.91-227-33-25.plesk.page\/?page_id=138"},"modified":"2025-04-02T15:22:53","modified_gmt":"2025-04-02T15:22:53","slug":"ueber-uns","status":"publish","type":"page","link":"https:\/\/magazin-riemergasse14.91-227-33-25.plesk.page\/en\/ueber-uns\/","title":{"rendered":"About Us"},"content":{"rendered":"<div data-elementor-type=\"wp-page\" data-elementor-id=\"138\" class=\"elementor elementor-138\" data-elementor-post-type=\"page\">\n\t\t\t\t<div data-particle_enable=\"false\" data-particle-mobile-disabled=\"false\" class=\"elementor-element elementor-element-eac1820 e-con-full e-flex e-con e-parent\" data-id=\"eac1820\" data-element_type=\"container\" data-settings=\"{&quot;background_background&quot;:&quot;classic&quot;}\">\n\t\t<div data-particle_enable=\"false\" data-particle-mobile-disabled=\"false\" class=\"elementor-element elementor-element-4850258 e-con-full e-flex e-con e-child\" data-id=\"4850258\" data-element_type=\"container\">\n\t\t<div data-particle_enable=\"false\" data-particle-mobile-disabled=\"false\" class=\"elementor-element elementor-element-66191d8 elementor-hidden-phone e-con-full e-flex e-con e-child\" data-id=\"66191d8\" data-element_type=\"container\">\n\t\t\t\t<\/div>\n\t\t<div data-particle_enable=\"false\" data-particle-mobile-disabled=\"false\" class=\"elementor-element elementor-element-f7e9d3b e-con-full e-flex e-con e-child\" data-id=\"f7e9d3b\" data-element_type=\"container\" data-settings=\"{&quot;background_background&quot;:&quot;classic&quot;}\">\n\t\t\t\t<div class=\"elementor-element elementor-element-c59054a elementor-invisible elementor-widget elementor-widget-heading\" data-id=\"c59054a\" data-element_type=\"widget\" data-settings=\"{&quot;_animation&quot;:&quot;fadeIn&quot;,&quot;_animation_delay&quot;:100}\" data-widget_type=\"heading.default\">\n\t\t\t\t<div class=\"elementor-widget-container\">\n\t\t\t\t\t<h1 class=\"elementor-heading-title elementor-size-default\">About Us<\/h1>\t\t\t\t<\/div>\n\t\t\t\t<\/div>\n\t\t\t\t<div class=\"elementor-element elementor-element-839c2db elementor-invisible elementor-widget elementor-widget-heading\" data-id=\"839c2db\" data-element_type=\"widget\" data-settings=\"{&quot;_animation&quot;:&quot;fadeIn&quot;}\" data-widget_type=\"heading.default\">\n\t\t\t\t<div class=\"elementor-widget-container\">\n\t\t\t\t\t<h5 class=\"elementor-heading-title elementor-size-default\">That\u2019s what makes us special!<\/h5>\t\t\t\t<\/div>\n\t\t\t\t<\/div>\n\t\t\t\t<\/div>\n\t\t\t\t<\/div>\n\t\t\t\t<\/div>\n\t\t<div data-particle_enable=\"false\" data-particle-mobile-disabled=\"false\" class=\"elementor-element elementor-element-457073f e-con-full e-flex e-con e-parent\" data-id=\"457073f\" data-element_type=\"container\" data-settings=\"{&quot;background_background&quot;:&quot;classic&quot;}\">\n\t\t<div data-particle_enable=\"false\" data-particle-mobile-disabled=\"false\" class=\"elementor-element elementor-element-9b6d5f4 e-con-full e-flex e-con e-child\" data-id=\"9b6d5f4\" data-element_type=\"container\">\n\t\t<div data-particle_enable=\"false\" data-particle-mobile-disabled=\"false\" class=\"elementor-element elementor-element-1d842d8 e-con-full e-flex e-con e-child\" data-id=\"1d842d8\" data-element_type=\"container\">\n\t\t<div data-particle_enable=\"false\" data-particle-mobile-disabled=\"false\" class=\"elementor-element elementor-element-f6db20e e-con-full e-flex e-con e-child\" data-id=\"f6db20e\" data-element_type=\"container\">\n\t\t\t\t<div class=\"elementor-element elementor-element-957fdef elementor-invisible elementor-widget elementor-widget-heading\" data-id=\"957fdef\" data-element_type=\"widget\" data-settings=\"{&quot;_animation&quot;:&quot;fadeIn&quot;}\" data-widget_type=\"heading.default\">\n\t\t\t\t<div class=\"elementor-widget-container\">\n\t\t\t\t\t<h5 class=\"elementor-heading-title elementor-size-default\">Our Vision &amp; Mission<\/h5>\t\t\t\t<\/div>\n\t\t\t\t<\/div>\n\t\t\t\t<div class=\"elementor-element elementor-element-b10c39a elementor-invisible elementor-widget elementor-widget-heading\" data-id=\"b10c39a\" data-element_type=\"widget\" data-settings=\"{&quot;_animation&quot;:&quot;fadeIn&quot;,&quot;_animation_delay&quot;:100}\" data-widget_type=\"heading.default\">\n\t\t\t\t<div class=\"elementor-widget-container\">\n\t\t\t\t\t<h2 class=\"elementor-heading-title elementor-size-default\">Magazin Restaurant<\/h2>\t\t\t\t<\/div>\n\t\t\t\t<\/div>\n\t\t\t\t<\/div>\n\t\t<div data-particle_enable=\"false\" data-particle-mobile-disabled=\"false\" class=\"elementor-element elementor-element-aefbb11 e-con-full e-flex e-con e-child\" data-id=\"aefbb11\" data-element_type=\"container\">\n\t\t\t\t<div class=\"elementor-element elementor-element-b2c51b5 elementor-invisible elementor-widget elementor-widget-text-editor\" data-id=\"b2c51b5\" data-element_type=\"widget\" data-settings=\"{&quot;_animation&quot;:&quot;fadeIn&quot;,&quot;_animation_delay&quot;:200}\" data-widget_type=\"text-editor.default\">\n\t\t\t\t<div class=\"elementor-widget-container\">\n\t\t\t\t\t\t\t\t\t<p>Our vision is to establish the Magazin Restaurant as the leading meeting place for wine and culinary lovers in the first district. We want to be not just a place to enjoy food, but also a place where people come together, exchange ideas, and be inspired.<\/p>\t\t\t\t\t\t\t\t<\/div>\n\t\t\t\t<\/div>\n\t\t\t\t<div class=\"elementor-element elementor-element-34fac05 elementor-invisible elementor-widget elementor-widget-text-editor\" data-id=\"34fac05\" data-element_type=\"widget\" data-settings=\"{&quot;_animation&quot;:&quot;fadeIn&quot;,&quot;_animation_delay&quot;:300}\" data-widget_type=\"text-editor.default\">\n\t\t\t\t<div class=\"elementor-widget-container\">\n\t\t\t\t\t\t\t\t\t<p>Our mission is clear: We not only offer excellent wines and first-class food, but also create an ambiance that conveys a sense of belonging and well-being to our guests. This is what our dedicated staff, who care for your well-being with heart and expertise, stand for.<\/p>\t\t\t\t\t\t\t\t<\/div>\n\t\t\t\t<\/div>\n\t\t\t\t<\/div>\n\t\t\t\t<\/div>\n\t\t<div data-particle_enable=\"false\" data-particle-mobile-disabled=\"false\" class=\"elementor-element elementor-element-a7e2be4 e-con-full e-flex e-con e-child\" data-id=\"a7e2be4\" data-element_type=\"container\">\n\t\t<div data-particle_enable=\"false\" data-particle-mobile-disabled=\"false\" class=\"elementor-element elementor-element-6d28cff e-con-full e-flex e-con e-child\" data-id=\"6d28cff\" data-element_type=\"container\">\n\t\t\t\t<div class=\"elementor-element elementor-element-6e36a34 gallery-spacing-custom elementor-invisible elementor-widget elementor-widget-image-gallery\" data-id=\"6e36a34\" data-element_type=\"widget\" data-settings=\"{&quot;_animation&quot;:&quot;fadeIn&quot;,&quot;_animation_delay&quot;:300}\" data-widget_type=\"image-gallery.default\">\n\t\t\t\t<div class=\"elementor-widget-container\">\n\t\t\t\t\t\t\t<div class=\"elementor-image-gallery\">\n\t\t\t<div id='gallery-1' class='gallery galleryid-138 gallery-columns-3 gallery-size-medium_large'><figure class='gallery-item'>\n\t\t\t<div class='gallery-icon landscape'>\n\t\t\t\t<img fetchpriority=\"high\" decoding=\"async\" width=\"768\" height=\"512\" src=\"https:\/\/magazin-riemergasse14.91-227-33-25.plesk.page\/wp-content\/uploads\/2025\/01\/IMG_8671-768x512.jpg\" class=\"attachment-medium_large size-medium_large\" alt=\"\" srcset=\"https:\/\/magazin-riemergasse14.91-227-33-25.plesk.page\/wp-content\/uploads\/2025\/01\/IMG_8671-768x512.jpg 768w, https:\/\/magazin-riemergasse14.91-227-33-25.plesk.page\/wp-content\/uploads\/2025\/01\/IMG_8671-300x200.jpg 300w, https:\/\/magazin-riemergasse14.91-227-33-25.plesk.page\/wp-content\/uploads\/2025\/01\/IMG_8671.jpg 1024w\" sizes=\"(max-width: 768px) 100vw, 768px\" \/>\n\t\t\t<\/div><\/figure><figure class='gallery-item'>\n\t\t\t<div class='gallery-icon landscape'>\n\t\t\t\t<img decoding=\"async\" width=\"768\" height=\"512\" src=\"https:\/\/magazin-riemergasse14.91-227-33-25.plesk.page\/wp-content\/uploads\/2024\/11\/IMG_8703-768x512.jpg\" class=\"attachment-medium_large size-medium_large\" alt=\"\" \/>\n\t\t\t<\/div><\/figure><figure class='gallery-item'>\n\t\t\t<div class='gallery-icon landscape'>\n\t\t\t\t<img decoding=\"async\" width=\"768\" height=\"512\" src=\"https:\/\/magazin-riemergasse14.91-227-33-25.plesk.page\/wp-content\/uploads\/2025\/01\/IMG_8636-768x512.jpg\" class=\"attachment-medium_large size-medium_large\" alt=\"\" srcset=\"https:\/\/magazin-riemergasse14.91-227-33-25.plesk.page\/wp-content\/uploads\/2025\/01\/IMG_8636-768x512.jpg 768w, https:\/\/magazin-riemergasse14.91-227-33-25.plesk.page\/wp-content\/uploads\/2025\/01\/IMG_8636-300x200.jpg 300w, https:\/\/magazin-riemergasse14.91-227-33-25.plesk.page\/wp-content\/uploads\/2025\/01\/IMG_8636.jpg 1024w\" sizes=\"(max-width: 768px) 100vw, 768px\" \/>\n\t\t\t<\/div><\/figure>\n\t\t<\/div>\n\t\t<\/div>\n\t\t\t\t\t\t<\/div>\n\t\t\t\t<\/div>\n\t\t\t\t<\/div>\n\t\t<div data-particle_enable=\"false\" data-particle-mobile-disabled=\"false\" class=\"elementor-element elementor-element-628dbec e-con-full e-flex e-con e-child\" data-id=\"628dbec\" data-element_type=\"container\">\n\t\t\t\t<div class=\"elementor-element elementor-element-cc4a3b8 elementor-invisible elementor-widget elementor-widget-heading\" data-id=\"cc4a3b8\" data-element_type=\"widget\" data-settings=\"{&quot;_animation&quot;:&quot;fadeIn&quot;}\" data-widget_type=\"heading.default\">\n\t\t\t\t<div class=\"elementor-widget-container\">\n\t\t\t\t\t<h5 class=\"elementor-heading-title elementor-size-default\">Gallery<\/h5>\t\t\t\t<\/div>\n\t\t\t\t<\/div>\n\t\t\t\t<div class=\"elementor-element elementor-element-8e01e24 elementor-invisible elementor-widget elementor-widget-heading\" data-id=\"8e01e24\" data-element_type=\"widget\" data-settings=\"{&quot;_animation&quot;:&quot;fadeIn&quot;,&quot;_animation_delay&quot;:100}\" data-widget_type=\"heading.default\">\n\t\t\t\t<div class=\"elementor-widget-container\">\n\t\t\t\t\t<h2 class=\"elementor-heading-title elementor-size-default\">Pleasant atmosphere<\/h2>\t\t\t\t<\/div>\n\t\t\t\t<\/div>\n\t\t\t\t<\/div>\n\t\t\t\t<\/div>\n\t\t\t\t<\/div>\n\t\t\t\t<\/div>\n\t\t<div data-particle_enable=\"false\" data-particle-mobile-disabled=\"false\" class=\"elementor-element elementor-element-07123e8 e-con-full e-flex e-con e-parent\" data-id=\"07123e8\" data-element_type=\"container\">\n\t\t<div data-particle_enable=\"false\" data-particle-mobile-disabled=\"false\" class=\"elementor-element elementor-element-c9edfe6 e-con-full e-flex e-con e-child\" data-id=\"c9edfe6\" data-element_type=\"container\">\n\t\t<div data-particle_enable=\"false\" data-particle-mobile-disabled=\"false\" class=\"elementor-element elementor-element-08946f8 e-con-full e-flex e-con e-child\" data-id=\"08946f8\" data-element_type=\"container\">\n\t\t<div data-particle_enable=\"false\" data-particle-mobile-disabled=\"false\" class=\"elementor-element elementor-element-33318be e-con-full e-flex e-con e-child\" data-id=\"33318be\" data-element_type=\"container\">\n\t\t\t\t<div class=\"elementor-element elementor-element-d8b797c elementor-invisible elementor-widget elementor-widget-heading\" data-id=\"d8b797c\" data-element_type=\"widget\" data-settings=\"{&quot;_animation&quot;:&quot;fadeIn&quot;}\" data-widget_type=\"heading.default\">\n\t\t\t\t<div class=\"elementor-widget-container\">\n\t\t\t\t\t<h5 class=\"elementor-heading-title elementor-size-default\">Why us?<\/h5>\t\t\t\t<\/div>\n\t\t\t\t<\/div>\n\t\t\t\t<div class=\"elementor-element elementor-element-eb08fa0 elementor-invisible elementor-widget elementor-widget-heading\" data-id=\"eb08fa0\" data-element_type=\"widget\" data-settings=\"{&quot;_animation&quot;:&quot;fadeIn&quot;,&quot;_animation_delay&quot;:100}\" data-widget_type=\"heading.default\">\n\t\t\t\t<div class=\"elementor-widget-container\">\n\t\t\t\t\t<h2 class=\"elementor-heading-title elementor-size-default\">What is important to us\n<\/h2>\t\t\t\t<\/div>\n\t\t\t\t<\/div>\n\t\t\t\t<div class=\"elementor-element elementor-element-19c55e5 elementor-invisible elementor-widget elementor-widget-text-editor\" data-id=\"19c55e5\" data-element_type=\"widget\" data-settings=\"{&quot;_animation&quot;:&quot;fadeIn&quot;,&quot;_animation_delay&quot;:200}\" data-widget_type=\"text-editor.default\">\n\t\t\t\t<div class=\"elementor-widget-container\">\n\t\t\t\t\t\t\t\t\t<p>At the Magazin Restaurant, we place great emphasis on quality, regionality, and sustainability. Our wines come from carefully selected winemakers, and our cuisine uses only high-quality ingredients, sourced locally whenever possible. We believe that true enjoyment can only come from the finest products and a generous portion of passion.<\/p><p>Our guiding principle is: <strong>\u201cEnjoyment begins where attention to detail and the joy of creating meet.\u201d<\/strong> Following this principle, we make every effort to offer our guests not only excellent food and wine, but also exceptional service.<\/p>\t\t\t\t\t\t\t\t<\/div>\n\t\t\t\t<\/div>\n\t\t\t\t<\/div>\n\t\t\t\t<\/div>\n\t\t<div data-particle_enable=\"false\" data-particle-mobile-disabled=\"false\" class=\"elementor-element elementor-element-f3ecc20 e-con-full e-flex e-con e-child\" data-id=\"f3ecc20\" data-element_type=\"container\">\n\t\t<div data-particle_enable=\"false\" data-particle-mobile-disabled=\"false\" class=\"elementor-element elementor-element-02ad1bd e-con-full e-flex e-con e-child\" data-id=\"02ad1bd\" data-element_type=\"container\">\n\t\t\t\t<div class=\"elementor-element elementor-element-5f8ff35 elementor-widget__width-auto elementor-widget-tablet__width-auto elementor-widget-mobile__width-inherit elementor-invisible elementor-widget elementor-widget-counter\" data-id=\"5f8ff35\" data-element_type=\"widget\" data-settings=\"{&quot;_animation&quot;:&quot;fadeIn&quot;,&quot;_animation_delay&quot;:300}\" data-widget_type=\"counter.default\">\n\t\t\t\t<div class=\"elementor-widget-container\">\n\t\t\t\t\t\t\t<div class=\"elementor-counter\">\n\t\t\t<div class=\"elementor-counter-title\">Employees<\/div>\t\t\t<div class=\"elementor-counter-number-wrapper\">\n\t\t\t\t<span class=\"elementor-counter-number-prefix\"><\/span>\n\t\t\t\t<span class=\"elementor-counter-number\" data-duration=\"2000\" data-to-value=\"20\" data-from-value=\"0\">0<\/span>\n\t\t\t\t<span class=\"elementor-counter-number-suffix\"><\/span>\n\t\t\t<\/div>\n\t\t<\/div>\n\t\t\t\t\t\t<\/div>\n\t\t\t\t<\/div>\n\t\t\t\t<\/div>\n\t\t<div data-particle_enable=\"false\" data-particle-mobile-disabled=\"false\" class=\"elementor-element elementor-element-6fc89a6 e-con-full e-flex e-con e-child\" data-id=\"6fc89a6\" data-element_type=\"container\">\n\t\t\t\t<div class=\"elementor-element elementor-element-36faec0 elementor-widget__width-auto elementor-widget-tablet__width-auto elementor-widget-mobile__width-inherit elementor-invisible elementor-widget elementor-widget-counter\" data-id=\"36faec0\" data-element_type=\"widget\" data-settings=\"{&quot;_animation&quot;:&quot;fadeIn&quot;,&quot;_animation_delay&quot;:300}\" data-widget_type=\"counter.default\">\n\t\t\t\t<div class=\"elementor-widget-container\">\n\t\t\t\t\t\t\t<div class=\"elementor-counter\">\n\t\t\t<div class=\"elementor-counter-title\">Various dishes<\/div>\t\t\t<div class=\"elementor-counter-number-wrapper\">\n\t\t\t\t<span class=\"elementor-counter-number-prefix\"><\/span>\n\t\t\t\t<span class=\"elementor-counter-number\" data-duration=\"2000\" data-to-value=\"50\" data-from-value=\"0\">0<\/span>\n\t\t\t\t<span class=\"elementor-counter-number-suffix\">+<\/span>\n\t\t\t<\/div>\n\t\t<\/div>\n\t\t\t\t\t\t<\/div>\n\t\t\t\t<\/div>\n\t\t\t\t<\/div>\n\t\t<div data-particle_enable=\"false\" data-particle-mobile-disabled=\"false\" class=\"elementor-element elementor-element-8a06469 e-con-full e-flex e-con e-child\" data-id=\"8a06469\" data-element_type=\"container\">\n\t\t\t\t<div class=\"elementor-element elementor-element-847e888 elementor-widget__width-auto elementor-widget-tablet__width-auto elementor-widget-mobile__width-inherit elementor-invisible elementor-widget elementor-widget-counter\" data-id=\"847e888\" data-element_type=\"widget\" data-settings=\"{&quot;_animation&quot;:&quot;fadeIn&quot;,&quot;_animation_delay&quot;:300}\" data-widget_type=\"counter.default\">\n\t\t\t\t<div class=\"elementor-widget-container\">\n\t\t\t\t\t\t\t<div class=\"elementor-counter\">\n\t\t\t<div class=\"elementor-counter-title\">Different types of wine<\/div>\t\t\t<div class=\"elementor-counter-number-wrapper\">\n\t\t\t\t<span class=\"elementor-counter-number-prefix\"><\/span>\n\t\t\t\t<span class=\"elementor-counter-number\" data-duration=\"2000\" data-to-value=\"100\" data-from-value=\"0\">0<\/span>\n\t\t\t\t<span class=\"elementor-counter-number-suffix\">+<\/span>\n\t\t\t<\/div>\n\t\t<\/div>\n\t\t\t\t\t\t<\/div>\n\t\t\t\t<\/div>\n\t\t\t\t<\/div>\n\t\t\t\t<\/div>\n\t\t\t\t<\/div>\n\t\t<div data-particle_enable=\"false\" data-particle-mobile-disabled=\"false\" class=\"elementor-element elementor-element-f7a6f27 e-con-full elementor-hidden-tablet e-flex e-con e-child\" data-id=\"f7a6f27\" data-element_type=\"container\" data-settings=\"{&quot;background_background&quot;:&quot;classic&quot;}\">\n\t\t\t\t<\/div>\n\t\t\t\t<\/div>\n\t\t<div data-particle_enable=\"false\" data-particle-mobile-disabled=\"false\" class=\"elementor-element elementor-element-128c4f9 e-con-full e-flex e-con e-parent\" data-id=\"128c4f9\" data-element_type=\"container\" data-settings=\"{&quot;background_background&quot;:&quot;classic&quot;}\">\n\t\t<div data-particle_enable=\"false\" data-particle-mobile-disabled=\"false\" class=\"elementor-element elementor-element-95df4a3 e-con-full e-flex e-con e-child\" data-id=\"95df4a3\" data-element_type=\"container\">\n\t\t\t\t<\/div>\n\t\t<div data-particle_enable=\"false\" data-particle-mobile-disabled=\"false\" class=\"elementor-element elementor-element-50b3369 e-con-full e-flex e-con e-child\" data-id=\"50b3369\" data-element_type=\"container\" data-settings=\"{&quot;background_background&quot;:&quot;classic&quot;}\">\n\t\t\t\t<div class=\"elementor-element elementor-element-296620d elementor-invisible elementor-widget elementor-widget-heading\" data-id=\"296620d\" data-element_type=\"widget\" data-settings=\"{&quot;_animation&quot;:&quot;fadeIn&quot;}\" data-widget_type=\"heading.default\">\n\t\t\t\t<div class=\"elementor-widget-container\">\n\t\t\t\t\t<h5 class=\"elementor-heading-title elementor-size-default\">About Us<\/h5>\t\t\t\t<\/div>\n\t\t\t\t<\/div>\n\t\t\t\t<div class=\"elementor-element elementor-element-788a200 elementor-invisible elementor-widget elementor-widget-heading\" data-id=\"788a200\" data-element_type=\"widget\" data-settings=\"{&quot;_animation&quot;:&quot;fadeIn&quot;,&quot;_animation_delay&quot;:100}\" data-widget_type=\"heading.default\">\n\t\t\t\t<div class=\"elementor-widget-container\">\n\t\t\t\t\t<h2 class=\"elementor-heading-title elementor-size-default\">Our History \u2013 A Look Back\n<\/h2>\t\t\t\t<\/div>\n\t\t\t\t<\/div>\n\t\t\t\t<div class=\"elementor-element elementor-element-f187914 elementor-invisible elementor-widget elementor-widget-text-editor\" data-id=\"f187914\" data-element_type=\"widget\" data-settings=\"{&quot;_animation&quot;:&quot;fadeIn&quot;,&quot;_animation_delay&quot;:200}\" data-widget_type=\"text-editor.default\">\n\t\t\t\t<div class=\"elementor-widget-container\">\n\t\t\t\t\t\t\t\t\t<p>Since our opening in 2007, the Magazin Restaurant has been an integral part of the first district. With great dedication and a constant pursuit of perfection, we have developed into a place known far beyond Vienna&#039;s borders. What began as a small idea is now a meeting place for connoisseurs and wine lovers seeking something special.<\/p><h5><strong>Get to know us<\/strong><\/h5><p>We invite you to experience the magazine restaurant for yourself and to experience the special atmosphere that defines us. Whether in our <strong>Wine shop<\/strong>, <strong>Eatery<\/strong>, <strong>wine bar<\/strong> or our stylish <strong>restaurant<\/strong> \u2013 you&#039;re always welcome here. Discover why the magazine restaurant in the first district is the first address for enjoyment, quality, and hospitality.<\/p>\t\t\t\t\t\t\t\t<\/div>\n\t\t\t\t<\/div>\n\t\t\t\t<\/div>\n\t\t\t\t<\/div>\n\t\t\t\t<\/div>","protected":false},"excerpt":{"rendered":"<p>\u00dcber uns Das macht uns aus! Unsere Vision &amp; Mission Magazinrestaurant Unsere Vision ist es, das Magazinrestaurant als den f\u00fchrenden Treffpunkt f\u00fcr Wein- und Kulinarikliebhaber im ersten Bezirk zu etablieren. Wir m\u00f6chten nicht nur ein Ort sein, an dem man genie\u00dft, sondern auch ein Platz, an dem Menschen zusammenkommen, sich austauschen und inspirieren lassen. Unsere [&hellip;]<\/p>","protected":false},"author":1,"featured_media":0,"parent":0,"menu_order":0,"comment_status":"closed","ping_status":"closed","template":"","meta":{"footnotes":""},"class_list":["post-138","page","type-page","status-publish","hentry"],"_links":{"self":[{"href":"https:\/\/magazin-riemergasse14.91-227-33-25.plesk.page\/en\/wp-json\/wp\/v2\/pages\/138","targetHints":{"allow":["GET"]}}],"collection":[{"href":"https:\/\/magazin-riemergasse14.91-227-33-25.plesk.page\/en\/wp-json\/wp\/v2\/pages"}],"about":[{"href":"https:\/\/magazin-riemergasse14.91-227-33-25.plesk.page\/en\/wp-json\/wp\/v2\/types\/page"}],"author":[{"embeddable":true,"href":"https:\/\/magazin-riemergasse14.91-227-33-25.plesk.page\/en\/wp-json\/wp\/v2\/users\/1"}],"replies":[{"embeddable":true,"href":"https:\/\/magazin-riemergasse14.91-227-33-25.plesk.page\/en\/wp-json\/wp\/v2\/comments?post=138"}],"version-history":[{"count":85,"href":"https:\/\/magazin-riemergasse14.91-227-33-25.plesk.page\/en\/wp-json\/wp\/v2\/pages\/138\/revisions"}],"predecessor-version":[{"id":1455,"href":"https:\/\/magazin-riemergasse14.91-227-33-25.plesk.page\/en\/wp-json\/wp\/v2\/pages\/138\/revisions\/1455"}],"wp:attachment":[{"href":"https:\/\/magazin-riemergasse14.91-227-33-25.plesk.page\/en\/wp-json\/wp\/v2\/media?parent=138"}],"curies":[{"name":"wp","href":"https:\/\/api.w.org\/{rel}","templated":true}]}}