{"id":1015,"date":"2025-03-17T10:55:15","date_gmt":"2025-03-17T10:55:15","guid":{"rendered":"https:\/\/magazin-riemergasse14.91-227-33-25.plesk.page\/?page_id=1015"},"modified":"2025-03-17T12:08:54","modified_gmt":"2025-03-17T12:08:54","slug":"impressum","status":"publish","type":"page","link":"https:\/\/magazin-riemergasse14.91-227-33-25.plesk.page\/en\/impressum\/","title":{"rendered":"imprint"},"content":{"rendered":"<div data-elementor-type=\"wp-page\" data-elementor-id=\"1015\" class=\"elementor elementor-1015\" data-elementor-post-type=\"page\">\n\t\t\t\t<div data-particle_enable=\"false\" data-particle-mobile-disabled=\"false\" class=\"elementor-element elementor-element-8bfe170 e-con-full e-flex e-con e-parent\" data-id=\"8bfe170\" data-element_type=\"container\">\n\t\t\t\t<div class=\"elementor-element elementor-element-a612549 elementor-widget elementor-widget-text-editor\" data-id=\"a612549\" data-element_type=\"widget\" data-widget_type=\"text-editor.default\">\n\t\t\t\t<div class=\"elementor-widget-container\">\n\t\t\t\t\t\t\t\t\t<h1>imprint<\/h1><p>Randis GmbH<br \/>1010 Wien, Riemergasse 14<\/p><p><strong>E-Mail:<\/strong> magazin@riemergasse14.at<br \/><strong>Telefon:<\/strong> 0676 5291806<br \/><strong>Website:<\/strong> www.magazin-riemergasse14.at<br \/><strong>Gesch\u00e4ftsf\u00fchrung: <\/strong>Dr. Rezart Oketa<br \/><strong>Firmenbuchnummer<\/strong>: 539890g<br \/><strong>Firmenbuchgericht: <\/strong>Handelsgericht Wien<br \/><strong>UID-Nummer:<\/strong> ATU79475925<\/p><h3>Rechtliche Hinweise<\/h3><p>EU-Streitschlichtung Verbraucher haben die M\u00f6glichkeit, Beschwerden an die Online-Streitbeilegungsplattform der EU zu richten: <a href=\"https:\/\/ec.europa.eu\/consumers\/odr\/main\">https:\/\/ec.europa.eu\/consumers\/odr\/main<\/a> oder ggf. wenn Sie in \u00d6sterreich leben: <a href=\"https:\/\/europakonsument.at\">https:\/\/europakonsument.at<\/a> . Sie k\u00f6nnen allf\u00e4llige Beschwerden auch an die oben angegebene E-Mail-Adresse richten.<\/p><p>Hinweis zur Streitbeilegung Wir sind nicht bereit oder verpflichtet, an Streitbeilegungsverfahren vor einer Verbraucherschlichtungsstelle teilzunehmen.<\/p><p>Haftungsausschluss f\u00fcr Inhalte und Links Wir sind bestrebt, die auf dieser Website bereitgestellten Inhalte laufend zu aktualisieren und korrekt darzustellen. Dennoch \u00fcbernehmen wir keine Gew\u00e4hr f\u00fcr die Richtigkeit, Vollst\u00e4ndigkeit und Aktualit\u00e4t der bereitgestellten Informationen, insbesondere solcher, die von Dritten stammen. Wir behalten uns das Recht vor, Inhalte ohne vorherige Ank\u00fcndigung zu \u00e4ndern, zu erg\u00e4nzen oder zu entfernen.<\/p><p>Unsere Website enth\u00e4lt Links zu externen Webseiten Dritter, auf deren Inhalte wir keinen Einfluss haben. F\u00fcr die Inhalte der verlinkten Seiten ist stets der jeweilige Anbieter oder Betreiber der Seiten verantwortlich. Zum Zeitpunkt der Verlinkung waren keine rechtswidrigen Inhalte erkennbar. Eine permanente inhaltliche Kontrolle der verlinkten Seiten ist jedoch ohne konkrete Anhaltspunkte einer Rechtsverletzung nicht zumutbar. Bei Bekanntwerden von Rechtsverletzungen werden derartige Links umgehend entfernt.<\/p><p>Ja, es macht durchaus Sinn, die Nutzung von lizenzierten Inhalten, wie z.B. Fotos von Envato Market, im Urheberrechtshinweis zu erw\u00e4hnen. Das schafft Transparenz und verdeutlicht, dass f\u00fcr diese Inhalte rechtlich korrekte Lizenzen vorliegen. Dies kann im Falle von Nachfragen oder rechtlichen Auseinandersetzungen hilfreich sein. \u00dcberarbeiteter Urheberrechtshinweis mit Hinweis auf lizenzierte Inhalte: Urheberrechtshinweis Die auf dieser Website ver\u00f6ffentlichten Inhalte, einschlie\u00dflich Grafiken, Bilder, Fotos, Texte und Videos (nachfolgend \u201eInhalte\u201c genannt), unterliegen dem Urheberrecht. Wir sind bestrebt, ausschlie\u00dflich selbst erstellte Inhalte zu verwenden oder auf lizenzfreie Materialien zur\u00fcckzugreifen und dabei geltende Urheberrechte zu wahren.<\/p><p>F\u00fcr bestimmte auf dieser Website verwendete Grafiken, Bilder und Fotos wurden Lizenzen \u00fcber externe Anbieter erworben. Jede Nutzung dieser lizenzierten Inhalte erfolgt im Rahmen der jeweiligen Lizenzbedingungen. Eine Weiterverwendung, Vervielf\u00e4ltigung, Bearbeitung oder Verbreitung dieser Inhalte ist ohne unsere ausdr\u00fcckliche Zustimmung sowie ohne Beachtung der entsprechenden Lizenzbestimmungen nicht gestattet.<\/p><p>Die von uns selbst erstellten Inhalte dieser Website d\u00fcrfen ebenfalls nicht ohne vorherige schriftliche Genehmigung vervielf\u00e4ltigt, bearbeitet, verbreitet oder anderweitig verwertet werden.<\/p><p>Inhalte Dritter sind als solche gekennzeichnet, sofern sie nicht von uns stammen. Sollten Sie dennoch auf eine m\u00f6gliche Urheberrechtsverletzung aufmerksam werden, bitten wir Sie, uns umgehend zu informieren. Bei Bekanntwerden von Rechtsverletzungen werden wir betroffene Inhalte unverz\u00fcglich entfernen.<\/p>\t\t\t\t\t\t\t\t<\/div>\n\t\t\t\t<\/div>\n\t\t\t\t<\/div>\n\t\t\t\t<\/div>","protected":false},"excerpt":{"rendered":"<p>Impressum Randis GmbH1010 Wien, Riemergasse 14 E-Mail: magazin@riemergasse14.atTelefon: 0676 5291806Website: www.magazin-riemergasse14.atGesch\u00e4ftsf\u00fchrung: Dr. Rezart OketaFirmenbuchnummer: 539890gFirmenbuchgericht: Handelsgericht WienUID-Nummer: ATU79475925 Rechtliche Hinweise EU-Streitschlichtung Verbraucher haben die M\u00f6glichkeit, Beschwerden an die Online-Streitbeilegungsplattform der EU zu richten: https:\/\/ec.europa.eu\/consumers\/odr\/main oder ggf. wenn Sie in \u00d6sterreich leben: https:\/\/europakonsument.at . Sie k\u00f6nnen allf\u00e4llige Beschwerden auch an die oben angegebene E-Mail-Adresse richten. Hinweis [&hellip;]<\/p>","protected":false},"author":1,"featured_media":0,"parent":0,"menu_order":0,"comment_status":"closed","ping_status":"closed","template":"","meta":{"footnotes":""},"class_list":["post-1015","page","type-page","status-publish","hentry"],"_links":{"self":[{"href":"https:\/\/magazin-riemergasse14.91-227-33-25.plesk.page\/en\/wp-json\/wp\/v2\/pages\/1015","targetHints":{"allow":["GET"]}}],"collection":[{"href":"https:\/\/magazin-riemergasse14.91-227-33-25.plesk.page\/en\/wp-json\/wp\/v2\/pages"}],"about":[{"href":"https:\/\/magazin-riemergasse14.91-227-33-25.plesk.page\/en\/wp-json\/wp\/v2\/types\/page"}],"author":[{"embeddable":true,"href":"https:\/\/magazin-riemergasse14.91-227-33-25.plesk.page\/en\/wp-json\/wp\/v2\/users\/1"}],"replies":[{"embeddable":true,"href":"https:\/\/magazin-riemergasse14.91-227-33-25.plesk.page\/en\/wp-json\/wp\/v2\/comments?post=1015"}],"version-history":[{"count":4,"href":"https:\/\/magazin-riemergasse14.91-227-33-25.plesk.page\/en\/wp-json\/wp\/v2\/pages\/1015\/revisions"}],"predecessor-version":[{"id":1019,"href":"https:\/\/magazin-riemergasse14.91-227-33-25.plesk.page\/en\/wp-json\/wp\/v2\/pages\/1015\/revisions\/1019"}],"wp:attachment":[{"href":"https:\/\/magazin-riemergasse14.91-227-33-25.plesk.page\/en\/wp-json\/wp\/v2\/media?parent=1015"}],"curies":[{"name":"wp","href":"https:\/\/api.w.org\/{rel}","templated":true}]}}